{"id":2,"date":"2013-12-27T20:27:36","date_gmt":"2013-12-27T20:27:36","guid":{"rendered":"http:\/\/localhost\/wordpress-3.7\/wordpress\/?page_id=2"},"modified":"2017-02-08T17:17:28","modified_gmt":"2017-02-08T17:17:28","slug":"sample-page","status":"publish","type":"page","link":"http:\/\/villa-lisa.eu\/","title":{"rendered":"Ferienhaus \/ Holiday Home"},"content":{"rendered":"<p><strong>\u00a0Lage und Beschreibung \/ Location and description<\/strong><\/p>\n<p><img decoding=\"async\" loading=\"lazy\" class=\"alignnone  wp-image-43\" style=\"width: 38px; height: 26px;\" alt=\"Flagge_DE\" src=\"http:\/\/villa-lisa.eu\/wp-content\/uploads\/2013\/12\/Flagge_DE.jpg\" width=\"58\" height=\"58\" \/>\u00a0 Unser Ferienhaus\u00a0 befindet sich\u00a0 in einer ruhigen Gegend,\u00a0umgeben von Ferienh\u00e4usern und Pensionen.<\/p>\n<ul>\n<li>Die Entfernung zum Strand betr\u00e4gt lediglich ca. 200 m.<\/li>\n<li>Das Ortszentrum mit zahlreichen Restaurants, Caf\u00e9s, Bars und Einkaufsm\u00f6glichkeiten ist nur 500m entfernt.<\/li>\n<li>In der Hauptsaison gibt es in ca.100 m Entfernung vom Ferienhaus eine Lebensmittelverkaufsstelle.<\/li>\n<\/ul>\n<p><img decoding=\"async\" loading=\"lazy\" style=\"width: 38px; height: 26px;\" alt=\"Flagge_GB\" src=\"http:\/\/villa-lisa.eu\/wp-content\/uploads\/2013\/12\/Flagge_GB.jpg\" width=\"94\" height=\"95\" \/>\u00a0 Our house\u00a0is situated in a quiet neighborhood surrounded by holiday homes and B&amp;Bs.<\/p>\n<ul>\n<li>The distance to the beach is only about 200 m.<\/li>\n<li>To the town centre with numerous restaurants, caf\u00e9s, bars and shopping facilities it is about 500 m.<\/li>\n<li>In the peak season you will find a small grocery store only 100m away.<\/li>\n<\/ul>\n<p><a href=\"http:\/\/villa-lisa.eu\/wp-content\/uploads\/2013\/12\/DSC03023.jpg\" rel=\"prettyPhoto-img\"><img decoding=\"async\" loading=\"lazy\" alt=\"DSC03023\" src=\"http:\/\/villa-lisa.eu\/wp-content\/uploads\/2013\/12\/DSC03023-1024x575.jpg\" width=\"392\" height=\"220\" \/><\/a>\u00a0 <a href=\"http:\/\/villa-lisa.eu\/wp-content\/uploads\/2013\/12\/DSC03021.jpg\" rel=\"prettyPhoto-img\"><img decoding=\"async\" loading=\"lazy\" alt=\"DSC03021\" src=\"http:\/\/villa-lisa.eu\/wp-content\/uploads\/2013\/12\/DSC03021-1024x575.jpg\" width=\"392\" height=\"220\" \/><\/a><\/p>\n<p><a href=\"http:\/\/villa-lisa.eu\/wp-content\/uploads\/2014\/06\/Haus_Au\u00dfen_Neu_03.jpg\" rel=\"prettyPhoto-img\"><img decoding=\"async\" loading=\"lazy\" class=\"alignnone  wp-image-119\" alt=\"Haus_Au\u00dfen_Neu_03\" src=\"http:\/\/villa-lisa.eu\/wp-content\/uploads\/2014\/06\/Haus_Au\u00dfen_Neu_03-300x168.jpg\" width=\"392\" height=\"220\" srcset=\"http:\/\/villa-lisa.eu\/wp-content\/uploads\/2014\/06\/Haus_Au\u00dfen_Neu_03-300x168.jpg 300w, http:\/\/villa-lisa.eu\/wp-content\/uploads\/2014\/06\/Haus_Au\u00dfen_Neu_03.jpg 1024w\" sizes=\"(max-width: 392px) 100vw, 392px\" \/><\/a>\u00a0 <a href=\"http:\/\/villa-lisa.eu\/wp-content\/uploads\/2013\/12\/DSC03025.jpg\" rel=\"prettyPhoto-img\"><img decoding=\"async\" loading=\"lazy\" class=\"alignnone  wp-image-65\" alt=\"DSC03025\" src=\"http:\/\/villa-lisa.eu\/wp-content\/uploads\/2013\/12\/DSC03025-1024x575.jpg\" width=\"392\" height=\"220\" srcset=\"http:\/\/villa-lisa.eu\/wp-content\/uploads\/2013\/12\/DSC03025-1024x575.jpg 1024w, http:\/\/villa-lisa.eu\/wp-content\/uploads\/2013\/12\/DSC03025-300x168.jpg 300w, http:\/\/villa-lisa.eu\/wp-content\/uploads\/2013\/12\/DSC03025.jpg 1228w\" sizes=\"(max-width: 392px) 100vw, 392px\" \/><\/a><\/p>\n<p><a href=\"http:\/\/villa-lisa.eu\/wp-content\/uploads\/2014\/06\/Haus_Au\u00dfen_Neu_01.jpg\" rel=\"prettyPhoto-img\"><img decoding=\"async\" loading=\"lazy\" class=\"alignnone  wp-image-107\" style=\"width: 328px; height: 220px;\" alt=\"Haus_Au\u00dfen_Neu_01\" src=\"http:\/\/villa-lisa.eu\/wp-content\/uploads\/2014\/06\/Haus_Au\u00dfen_Neu_01-300x168.jpg\" width=\"361\" height=\"220\" \/><\/a>\u00a0 <a href=\"http:\/\/villa-lisa.eu\/wp-content\/uploads\/2014\/06\/Haus_Au\u00dfen_Neu_02.jpg\" rel=\"prettyPhoto-img\"><img decoding=\"async\" loading=\"lazy\" class=\"alignnone  wp-image-108\" alt=\"Haus_Au\u00dfen_Neu_02\" src=\"http:\/\/villa-lisa.eu\/wp-content\/uploads\/2014\/06\/Haus_Au\u00dfen_Neu_02-168x300.jpg\" width=\"123\" height=\"220\" srcset=\"http:\/\/villa-lisa.eu\/wp-content\/uploads\/2014\/06\/Haus_Au\u00dfen_Neu_02-168x300.jpg 168w, http:\/\/villa-lisa.eu\/wp-content\/uploads\/2014\/06\/Haus_Au\u00dfen_Neu_02.jpg 575w\" sizes=\"(max-width: 123px) 100vw, 123px\" \/><\/a>\u00a0 <a href=\"http:\/\/villa-lisa.eu\/wp-content\/uploads\/2013\/12\/DSC03028.jpg\" rel=\"prettyPhoto-img\"><img decoding=\"async\" loading=\"lazy\" class=\"alignnone  wp-image-66\" style=\"width: 328px; height: 218px;\" alt=\"DSC03028\" src=\"http:\/\/villa-lisa.eu\/wp-content\/uploads\/2013\/12\/DSC03028-300x168.jpg\" width=\"361\" height=\"220\" \/><\/a><\/p>\n<p><strong>Ausstattung\u00a0des Hauses \/ Facilities<\/strong><\/p>\n<p><img decoding=\"async\" loading=\"lazy\" style=\"width: 38px; height: 26px;\" alt=\"Flagge_DE\" src=\"http:\/\/villa-lisa.eu\/wp-content\/uploads\/2013\/12\/Flagge_DE.jpg\" width=\"58\" height=\"58\" \/>\u00a0\u00a0 Das Haus wurde im Jahr 2013 neu gebaut.<\/p>\n<ul>\n<li>Im Erdgescho\u00df befindet sich ein gro\u00dfer Wohnraum mit Einbauk\u00fcche.<\/li>\n<li>Weiterhin verf\u00fcgt das Haus \u00fcber 3 Schlafzimmer, 2 B\u00e4der, eine gro\u00dfe Terrasse\u00a0und 2 Balkone.<\/li>\n<li>In der\u00a0Standardbelegung bietet das Haus Platz f\u00fcr 6 Personen\u00a0 (max.\u00a08 Personen m\u00f6glich).<\/li>\n<li>Alle Wohnr\u00e4ume sind mit einer\u00a0Klimaanlage ausgestattet.<\/li>\n<li>Die K\u00fcche ist komplett\u00a0eingerichtet mit Herd, K\u00fchlschrank, Sp\u00fclmaschine, Kaffeemaschine etc.<\/li>\n<li>Auf dem\u00a0abgeschlossenen Grundst\u00fcck gibt es\u00a02 Parkpl\u00e4tze.<\/li>\n<\/ul>\n<p><img decoding=\"async\" loading=\"lazy\" style=\"width: 38px; height: 26px;\" alt=\"Flagge_GB\" src=\"http:\/\/villa-lisa.eu\/wp-content\/uploads\/2013\/12\/Flagge_GB.jpg\" width=\"58\" height=\"58\" \/>\u00a0 The\u00a0house was newly built in 2013<\/p>\n<ul>\n<li>big room with built-in kitchen<\/li>\n<li>three bedrooms, two bathrooms<\/li>\n<li>big patio and two balconies<\/li>\n<li>standard occupancy: up to six persons ( max. eight persons)<\/li>\n<li>air-conditioning in all rooms<\/li>\n<li>Kitchen fully equipped (cooker, fridge, dishwasher, coffeemaker, etc.)<\/li>\n<li>two parking places on the site<\/li>\n<\/ul>\n<p><a href=\"http:\/\/villa-lisa.eu\/wp-content\/uploads\/2014\/06\/Haus_Innen_09.jpg\" rel=\"prettyPhoto-img\"><img decoding=\"async\" loading=\"lazy\" class=\"alignnone  wp-image-117\" alt=\"Haus_Innen_09\" src=\"http:\/\/villa-lisa.eu\/wp-content\/uploads\/2014\/06\/Haus_Innen_09-300x168.jpg\" width=\"392\" height=\"220\" srcset=\"http:\/\/villa-lisa.eu\/wp-content\/uploads\/2014\/06\/Haus_Innen_09-300x168.jpg 300w, http:\/\/villa-lisa.eu\/wp-content\/uploads\/2014\/06\/Haus_Innen_09.jpg 1024w\" sizes=\"(max-width: 392px) 100vw, 392px\" \/><\/a>\u00a0 <a href=\"http:\/\/villa-lisa.eu\/wp-content\/uploads\/2014\/06\/Haus_Innen_01.jpg\" rel=\"prettyPhoto-img\"><img decoding=\"async\" loading=\"lazy\" class=\"alignnone  wp-image-109\" alt=\"Haus_Innen_01\" src=\"http:\/\/villa-lisa.eu\/wp-content\/uploads\/2014\/06\/Haus_Innen_01-300x168.jpg\" width=\"392\" height=\"220\" srcset=\"http:\/\/villa-lisa.eu\/wp-content\/uploads\/2014\/06\/Haus_Innen_01-300x168.jpg 300w, http:\/\/villa-lisa.eu\/wp-content\/uploads\/2014\/06\/Haus_Innen_01.jpg 1024w\" sizes=\"(max-width: 392px) 100vw, 392px\" \/><\/a><\/p>\n<p><a href=\"http:\/\/villa-lisa.eu\/wp-content\/uploads\/2014\/06\/Haus_Innen_04.jpg\" rel=\"prettyPhoto-img\"><img decoding=\"async\" loading=\"lazy\" class=\"alignnone  wp-image-112\" alt=\"Haus_Innen_04\" src=\"http:\/\/villa-lisa.eu\/wp-content\/uploads\/2014\/06\/Haus_Innen_04-300x168.jpg\" width=\"392\" height=\"220\" srcset=\"http:\/\/villa-lisa.eu\/wp-content\/uploads\/2014\/06\/Haus_Innen_04-300x168.jpg 300w, http:\/\/villa-lisa.eu\/wp-content\/uploads\/2014\/06\/Haus_Innen_04.jpg 1024w\" sizes=\"(max-width: 392px) 100vw, 392px\" \/><\/a>\u00a0 <a href=\"http:\/\/villa-lisa.eu\/wp-content\/uploads\/2014\/06\/Haus_Innen_03.jpg\" rel=\"prettyPhoto-img\"><img decoding=\"async\" loading=\"lazy\" class=\"alignnone  wp-image-111\" alt=\"Haus_Innen_03\" src=\"http:\/\/villa-lisa.eu\/wp-content\/uploads\/2014\/06\/Haus_Innen_03-300x168.jpg\" width=\"392\" height=\"220\" srcset=\"http:\/\/villa-lisa.eu\/wp-content\/uploads\/2014\/06\/Haus_Innen_03-300x168.jpg 300w, http:\/\/villa-lisa.eu\/wp-content\/uploads\/2014\/06\/Haus_Innen_03.jpg 1024w\" sizes=\"(max-width: 392px) 100vw, 392px\" \/><\/a><\/p>\n<p><a href=\"http:\/\/villa-lisa.eu\/wp-content\/uploads\/2014\/06\/Haus_Innen_05.jpg\" rel=\"prettyPhoto-img\"><img decoding=\"async\" loading=\"lazy\" class=\"alignnone  wp-image-113\" style=\"width: 331px; height: 220px;\" alt=\"Haus_Innen_05\" src=\"http:\/\/villa-lisa.eu\/wp-content\/uploads\/2014\/06\/Haus_Innen_05-300x168.jpg\" width=\"361\" height=\"220\" \/><\/a>\u00a0 <a href=\"http:\/\/villa-lisa.eu\/wp-content\/uploads\/2014\/06\/Haus_Innen_07.jpg\" rel=\"prettyPhoto-img\"><img decoding=\"async\" loading=\"lazy\" class=\"alignnone  wp-image-115\" alt=\"Haus_Innen_07\" src=\"http:\/\/villa-lisa.eu\/wp-content\/uploads\/2014\/06\/Haus_Innen_07-168x300.jpg\" width=\"123\" height=\"220\" srcset=\"http:\/\/villa-lisa.eu\/wp-content\/uploads\/2014\/06\/Haus_Innen_07-168x300.jpg 168w, http:\/\/villa-lisa.eu\/wp-content\/uploads\/2014\/06\/Haus_Innen_07.jpg 575w\" sizes=\"(max-width: 123px) 100vw, 123px\" \/><\/a>\u00a0 <a href=\"http:\/\/villa-lisa.eu\/wp-content\/uploads\/2014\/06\/Haus_Innen_06.jpg\" rel=\"prettyPhoto-img\"><img decoding=\"async\" loading=\"lazy\" class=\"alignnone  wp-image-114\" style=\"width: 323px; height: 220px;\" alt=\"Haus_Innen_06\" src=\"http:\/\/villa-lisa.eu\/wp-content\/uploads\/2014\/06\/Haus_Innen_06-300x168.jpg\" width=\"331\" height=\"220\" \/><\/a><\/p>\n<p><strong>Grundri\u00df\u00a0\/ Ground Plan<\/strong><\/p>\n<p>Erdgescho\u00df \/ Ground Floor:<\/p>\n<p><a href=\"http:\/\/villa-lisa.eu\/wp-content\/uploads\/2013\/12\/Grundri\u00df_Erdgeschoss.jpg\"><img decoding=\"async\" loading=\"lazy\" class=\"alignnone size-large wp-image-77\" alt=\"Grundri\u00df_Erdgeschoss\" src=\"http:\/\/villa-lisa.eu\/wp-content\/uploads\/2013\/12\/Grundri\u00df_Erdgeschoss-1024x952.jpg\" width=\"690\" height=\"641\" srcset=\"http:\/\/villa-lisa.eu\/wp-content\/uploads\/2013\/12\/Grundri\u00df_Erdgeschoss-1024x952.jpg 1024w, http:\/\/villa-lisa.eu\/wp-content\/uploads\/2013\/12\/Grundri\u00df_Erdgeschoss-300x278.jpg 300w, http:\/\/villa-lisa.eu\/wp-content\/uploads\/2013\/12\/Grundri\u00df_Erdgeschoss.jpg 1283w\" sizes=\"(max-width: 690px) 100vw, 690px\" \/><\/a><\/p>\n<p>&nbsp;<\/p>\n<p>Obergescho\u00df \/ Floor:<\/p>\n<p><a href=\"http:\/\/villa-lisa.eu\/wp-content\/uploads\/2017\/02\/Obergeschoss_Neu.jpg\"><img decoding=\"async\" loading=\"lazy\" class=\"alignnone size-large wp-image-135\" alt=\"Obergeschoss_Neu\" src=\"http:\/\/villa-lisa.eu\/wp-content\/uploads\/2017\/02\/Obergeschoss_Neu-1024x945.jpg\" width=\"690\" height=\"636\" srcset=\"http:\/\/villa-lisa.eu\/wp-content\/uploads\/2017\/02\/Obergeschoss_Neu-1024x945.jpg 1024w, http:\/\/villa-lisa.eu\/wp-content\/uploads\/2017\/02\/Obergeschoss_Neu-300x277.jpg 300w, http:\/\/villa-lisa.eu\/wp-content\/uploads\/2017\/02\/Obergeschoss_Neu.jpg 1280w\" sizes=\"(max-width: 690px) 100vw, 690px\" \/><\/a><\/p>\n<p>&nbsp;<\/p>\n","protected":false},"excerpt":{"rendered":"<p>\u00a0Lage und Beschreibung \/ Location and description \u00a0 Unser Ferienhaus\u00a0 befindet sich\u00a0 in einer ruhigen Gegend,\u00a0umgeben von Ferienh\u00e4usern und Pensionen. Die Entfernung zum Strand betr\u00e4gt lediglich ca. 200 m. Das Ortszentrum mit zahlreichen Restaurants, Caf\u00e9s, Bars und Einkaufsm\u00f6glichkeiten ist nur &hellip; <a class=\"more-link\" href=\"http:\/\/villa-lisa.eu\/\">weiterlesen<\/a><\/p>","protected":false},"author":1,"featured_media":0,"parent":0,"menu_order":0,"comment_status":"closed","ping_status":"closed","template":"","meta":[],"_links":{"self":[{"href":"http:\/\/villa-lisa.eu\/index.php?rest_route=\/wp\/v2\/pages\/2"}],"collection":[{"href":"http:\/\/villa-lisa.eu\/index.php?rest_route=\/wp\/v2\/pages"}],"about":[{"href":"http:\/\/villa-lisa.eu\/index.php?rest_route=\/wp\/v2\/types\/page"}],"author":[{"embeddable":true,"href":"http:\/\/villa-lisa.eu\/index.php?rest_route=\/wp\/v2\/users\/1"}],"replies":[{"embeddable":true,"href":"http:\/\/villa-lisa.eu\/index.php?rest_route=%2Fwp%2Fv2%2Fcomments&post=2"}],"version-history":[{"count":36,"href":"http:\/\/villa-lisa.eu\/index.php?rest_route=\/wp\/v2\/pages\/2\/revisions"}],"predecessor-version":[{"id":136,"href":"http:\/\/villa-lisa.eu\/index.php?rest_route=\/wp\/v2\/pages\/2\/revisions\/136"}],"wp:attachment":[{"href":"http:\/\/villa-lisa.eu\/index.php?rest_route=%2Fwp%2Fv2%2Fmedia&parent=2"}],"curies":[{"name":"wp","href":"https:\/\/api.w.org\/{rel}","templated":true}]}}